{"id":186,"date":"2017-02-03T15:56:14","date_gmt":"2017-02-03T14:56:14","guid":{"rendered":"http:\/\/www.rifugiodaviso.it\/sito\/?page_id=186"},"modified":"2025-06-09T12:06:07","modified_gmt":"2025-06-09T10:06:07","slug":"tariffe","status":"publish","type":"page","link":"https:\/\/www.rifugiodaviso.it\/sito\/tariffe\/","title":{"rendered":"Tariffe 2025"},"content":{"rendered":"\t\t<div data-elementor-type=\"wp-page\" data-elementor-id=\"186\" class=\"elementor elementor-186\">\n\t\t\t\t\t\t<section class=\"elementor-section elementor-top-section elementor-element elementor-element-6903c64 elementor-section-full_width elementor-section-height-default elementor-section-height-default\" data-id=\"6903c64\" data-element_type=\"section\">\n\t\t\t\t\t\t<div class=\"elementor-container elementor-column-gap-default\">\n\t\t\t\t\t<div class=\"elementor-column elementor-col-100 elementor-top-column elementor-element elementor-element-9b16bea\" data-id=\"9b16bea\" data-element_type=\"column\">\n\t\t\t<div class=\"elementor-widget-wrap elementor-element-populated\">\n\t\t\t\t\t\t<div class=\"elementor-element elementor-element-e3e6f02 elementor-arrows-position-outside elementor-pagination-position-outside elementor-widget elementor-widget-image-carousel\" data-id=\"e3e6f02\" data-element_type=\"widget\" data-settings=\"{&quot;slides_to_show&quot;:&quot;1&quot;,&quot;effect&quot;:&quot;fade&quot;,&quot;speed&quot;:700,&quot;navigation&quot;:&quot;both&quot;,&quot;autoplay&quot;:&quot;yes&quot;,&quot;pause_on_hover&quot;:&quot;yes&quot;,&quot;pause_on_interaction&quot;:&quot;yes&quot;,&quot;autoplay_speed&quot;:5000,&quot;infinite&quot;:&quot;yes&quot;}\" data-widget_type=\"image-carousel.default\">\n\t\t\t\t<div class=\"elementor-widget-container\">\n\t\t\t\t\t\t\t<div class=\"elementor-image-carousel-wrapper swiper\" role=\"region\" aria-roledescription=\"carousel\" aria-label=\"Carosello d&#039;immagini\" dir=\"ltr\">\n\t\t\t<div class=\"elementor-image-carousel swiper-wrapper swiper-image-stretch\" aria-live=\"off\">\n\t\t\t\t\t\t\t\t<div class=\"swiper-slide\" role=\"group\" aria-roledescription=\"slide\" aria-label=\"1 di 2\"><figure class=\"swiper-slide-inner\"><img decoding=\"async\" class=\"swiper-slide-image\" src=\"https:\/\/www.rifugiodaviso.it\/sito\/wp-content\/uploads\/2023\/07\/RIFUGIO-banner-INTERNO-02.jpg\" alt=\"RIFUGIO-banner-INTERNO-02.jpg\" \/><\/figure><\/div><div class=\"swiper-slide\" role=\"group\" aria-roledescription=\"slide\" aria-label=\"2 di 2\"><figure class=\"swiper-slide-inner\"><img decoding=\"async\" class=\"swiper-slide-image\" src=\"https:\/\/www.rifugiodaviso.it\/sito\/wp-content\/uploads\/2023\/07\/RIFUGIO-banner-INTERNO-01.jpg\" alt=\"RIFUGIO-banner-INTERNO-01.jpg\" \/><\/figure><\/div>\t\t\t<\/div>\n\t\t\t\t\t\t\t\t\t\t\t\t<div class=\"elementor-swiper-button elementor-swiper-button-prev\" role=\"button\" tabindex=\"0\">\n\t\t\t\t\t\t<i aria-hidden=\"true\" class=\"eicon-chevron-left\"><\/i>\t\t\t\t\t<\/div>\n\t\t\t\t\t<div class=\"elementor-swiper-button elementor-swiper-button-next\" role=\"button\" tabindex=\"0\">\n\t\t\t\t\t\t<i aria-hidden=\"true\" class=\"eicon-chevron-right\"><\/i>\t\t\t\t\t<\/div>\n\t\t\t\t\n\t\t\t\t\t\t\t\t\t<div class=\"swiper-pagination\"><\/div>\n\t\t\t\t\t\t\t\t\t<\/div>\n\t\t\t\t\t\t<\/div>\n\t\t\t\t<\/div>\n\t\t\t\t\t<\/div>\n\t\t<\/div>\n\t\t\t\t\t<\/div>\n\t\t<\/section>\n\t\t\t\t<section class=\"elementor-section elementor-top-section elementor-element elementor-element-df57b59 elementor-section-boxed elementor-section-height-default elementor-section-height-default\" data-id=\"df57b59\" data-element_type=\"section\">\n\t\t\t\t\t\t<div class=\"elementor-container elementor-column-gap-default\">\n\t\t\t\t\t<div class=\"elementor-column elementor-col-100 elementor-top-column elementor-element elementor-element-61cd5e7\" data-id=\"61cd5e7\" data-element_type=\"column\">\n\t\t\t<div class=\"elementor-widget-wrap elementor-element-populated\">\n\t\t\t\t\t\t<div class=\"elementor-element elementor-element-feaed88 elementor-widget elementor-widget-image\" data-id=\"feaed88\" data-element_type=\"widget\" data-widget_type=\"image.default\">\n\t\t\t\t<div class=\"elementor-widget-container\">\n\t\t\t\t\t\t\t\t\t\t\t\t\t\t\t\t<a href=\"https:\/\/www.rifugiodaviso.it\/sito\/wp-content\/uploads\/2024\/04\/Tariffario-Daviso-WEB-24.jpg\" target=\"_blank\">\n\t\t\t\t\t\t\t<img fetchpriority=\"high\" decoding=\"async\" width=\"768\" height=\"1302\" src=\"https:\/\/www.rifugiodaviso.it\/sito\/wp-content\/uploads\/2025\/06\/Instagram-LISTINO-low-768x1302.jpg\" class=\"attachment-medium_large size-medium_large wp-image-1139\" alt=\"\" srcset=\"https:\/\/www.rifugiodaviso.it\/sito\/wp-content\/uploads\/2025\/06\/Instagram-LISTINO-low-768x1302.jpg 768w, https:\/\/www.rifugiodaviso.it\/sito\/wp-content\/uploads\/2025\/06\/Instagram-LISTINO-low-177x300.jpg 177w, https:\/\/www.rifugiodaviso.it\/sito\/wp-content\/uploads\/2025\/06\/Instagram-LISTINO-low-604x1024.jpg 604w, https:\/\/www.rifugiodaviso.it\/sito\/wp-content\/uploads\/2025\/06\/Instagram-LISTINO-low-906x1536.jpg 906w, https:\/\/www.rifugiodaviso.it\/sito\/wp-content\/uploads\/2025\/06\/Instagram-LISTINO-low-1208x2048.jpg 1208w, https:\/\/www.rifugiodaviso.it\/sito\/wp-content\/uploads\/2025\/06\/Instagram-LISTINO-low.jpg 1478w\" sizes=\"(max-width: 768px) 100vw, 768px\" \/>\t\t\t\t\t\t\t\t<\/a>\n\t\t\t\t\t\t\t\t\t\t\t\t\t\t\t<\/div>\n\t\t\t\t<\/div>\n\t\t\t\t<div class=\"elementor-element elementor-element-0521f78 elementor-widget elementor-widget-image\" data-id=\"0521f78\" data-element_type=\"widget\" data-widget_type=\"image.default\">\n\t\t\t\t<div class=\"elementor-widget-container\">\n\t\t\t\t\t\t\t\t\t\t\t\t\t\t\t\t<a href=\"https:\/\/www.rifugiodaviso.it\/sito\/wp-content\/uploads\/2024\/04\/Regole-Prenotazione-Rifugio-24ok-1.pdf\" target=\"_blank\">\n\t\t\t\t\t\t\t<img decoding=\"async\" width=\"768\" height=\"508\" src=\"https:\/\/www.rifugiodaviso.it\/sito\/wp-content\/uploads\/2024\/04\/Regole-Prenotazione-Rifugio-24ok-768x508.jpg\" class=\"attachment-medium_large size-medium_large wp-image-1088\" alt=\"\" srcset=\"https:\/\/www.rifugiodaviso.it\/sito\/wp-content\/uploads\/2024\/04\/Regole-Prenotazione-Rifugio-24ok-768x508.jpg 768w, https:\/\/www.rifugiodaviso.it\/sito\/wp-content\/uploads\/2024\/04\/Regole-Prenotazione-Rifugio-24ok-300x198.jpg 300w, https:\/\/www.rifugiodaviso.it\/sito\/wp-content\/uploads\/2024\/04\/Regole-Prenotazione-Rifugio-24ok-1024x677.jpg 1024w, https:\/\/www.rifugiodaviso.it\/sito\/wp-content\/uploads\/2024\/04\/Regole-Prenotazione-Rifugio-24ok-1536x1016.jpg 1536w, https:\/\/www.rifugiodaviso.it\/sito\/wp-content\/uploads\/2024\/04\/Regole-Prenotazione-Rifugio-24ok.jpg 1643w\" sizes=\"(max-width: 768px) 100vw, 768px\" \/>\t\t\t\t\t\t\t\t<\/a>\n\t\t\t\t\t\t\t\t\t\t\t\t\t\t\t<\/div>\n\t\t\t\t<\/div>\n\t\t\t\t<div class=\"elementor-element elementor-element-b455e72 elementor-widget elementor-widget-text-editor\" data-id=\"b455e72\" data-element_type=\"widget\" data-widget_type=\"text-editor.default\">\n\t\t\t\t<div class=\"elementor-widget-container\">\n\t\t\t\t\t\t\t\t\t<p><strong>Per confermare la prenotazione \u00e8 necessario il versamento della caparra di 10,00 \u20ac a persona <\/strong><strong>a mezzo bonifico bancario:<br \/><\/strong><b style=\"color: var( --e-global-color-text ); font-family: var( --e-global-typography-text-font-family ), Sans-serif; background-color: var(--ast-global-color-5);\"><i>To confirm the booking it is necessary to pay the deposit of \u20ac10.00 per person by bank transfer:<\/i><\/b><\/p><h4><strong>IBAN\u00a0 =\u00a0 IT94F0306909606100000116573\u00a0 &#8211;\u00a0 CODICE BIC\u00a0 =\u00a0\u00a0<\/strong><span style=\"background-color: var(--ast-global-color-5);\"><b>BCITITMM<\/b><\/span><\/h4><p><span style=\"background-color: var(--ast-global-color-5);\"><b>In caso di annullamento, la caparra non verr\u00e0 restituita ma potr\u00e0 essere utilizzata per la medesima finalit\u00e0 con validit\u00e0 di un anno a partire<br \/>dalla data di prenotazione e compatibilmente con le date di apertura del rifugio.<br \/><\/b><\/span><i><b style=\"color: var( --e-global-color-text ); font-family: var( --e-global-typography-text-font-family ), Sans-serif; background-color: var(--ast-global-color-5);\">In case of cancellation, the deposit will not be returned but can be used for the same purpose with validity of one year starting<br \/><\/b><b style=\"color: var( --e-global-color-text ); font-family: var( --e-global-typography-text-font-family ), Sans-serif; background-color: var(--ast-global-color-5);\">from the booking date and compatibly with the opening dates of the refuge.<\/b><\/i><\/p><h4><span style=\"font-style: inherit; font-weight: inherit; color: var( --e-global-color-text ); font-family: var( --e-global-typography-text-font-family ), Sans-serif; background-color: var(--ast-global-color-5);\"><br \/><\/span>\u00c8 possibile prenotare via e-mail all&#8217;indirizzo<br \/><a href=\"mailto:rifugiodaviso@gmail.com\">rifugiodaviso@gmail.com<\/a><br \/>oppure telefonicamente al numero +39 011.4522898<span style=\"font-weight: normal;\"><i> (il gioved\u00ec sera dalle 21 alle 22:30)<\/i><\/span><\/h4>\t\t\t\t\t\t\t\t<\/div>\n\t\t\t\t<\/div>\n\t\t\t\t\t<\/div>\n\t\t<\/div>\n\t\t\t\t\t<\/div>\n\t\t<\/section>\n\t\t\t\t<\/div>\n\t\t","protected":false},"excerpt":{"rendered":"<p>Per confermare la prenotazione \u00e8 necessario il versamento della caparra di 10,00 \u20ac a persona a mezzo bonifico bancario:To confirm the booking it is necessary to pay the deposit of &hellip;<\/p>\n<p class=\"read-more\"> <a class=\"\" href=\"https:\/\/www.rifugiodaviso.it\/sito\/tariffe\/\"> <span class=\"screen-reader-text\">Tariffe 2025<\/span> Leggi altro &raquo;<\/a><\/p>\n","protected":false},"author":2,"featured_media":0,"parent":0,"menu_order":0,"comment_status":"closed","ping_status":"closed","template":"","meta":{"site-sidebar-layout":"default","site-content-layout":"default","ast-global-header-display":"","ast-banner-title-visibility":"","ast-main-header-display":"","ast-hfb-above-header-display":"","ast-hfb-below-header-display":"","ast-hfb-mobile-header-display":"","site-post-title":"","ast-breadcrumbs-content":"","ast-featured-img":"","footer-sml-layout":"","theme-transparent-header-meta":"","adv-header-id-meta":"","stick-header-meta":"","header-above-stick-meta":"","header-main-stick-meta":"","header-below-stick-meta":"","footnotes":""},"class_list":["post-186","page","type-page","status-publish","hentry"],"_links":{"self":[{"href":"https:\/\/www.rifugiodaviso.it\/sito\/wp-json\/wp\/v2\/pages\/186","targetHints":{"allow":["GET"]}}],"collection":[{"href":"https:\/\/www.rifugiodaviso.it\/sito\/wp-json\/wp\/v2\/pages"}],"about":[{"href":"https:\/\/www.rifugiodaviso.it\/sito\/wp-json\/wp\/v2\/types\/page"}],"author":[{"embeddable":true,"href":"https:\/\/www.rifugiodaviso.it\/sito\/wp-json\/wp\/v2\/users\/2"}],"replies":[{"embeddable":true,"href":"https:\/\/www.rifugiodaviso.it\/sito\/wp-json\/wp\/v2\/comments?post=186"}],"version-history":[{"count":51,"href":"https:\/\/www.rifugiodaviso.it\/sito\/wp-json\/wp\/v2\/pages\/186\/revisions"}],"predecessor-version":[{"id":1151,"href":"https:\/\/www.rifugiodaviso.it\/sito\/wp-json\/wp\/v2\/pages\/186\/revisions\/1151"}],"wp:attachment":[{"href":"https:\/\/www.rifugiodaviso.it\/sito\/wp-json\/wp\/v2\/media?parent=186"}],"curies":[{"name":"wp","href":"https:\/\/api.w.org\/{rel}","templated":true}]}}